{"id":2,"date":"2025-09-17T09:45:56","date_gmt":"2025-09-17T07:45:56","guid":{"rendered":"http:\/\/sommersi-e-salvati.org\/?page_id=2"},"modified":"2025-09-17T15:25:27","modified_gmt":"2025-09-17T13:25:27","slug":"pagina-di-esempio","status":"publish","type":"page","link":"https:\/\/sommersi-e-salvati.org\/?page_id=2","title":{"rendered":"Dove sei finito"},"content":{"rendered":"\n<p><\/p>\n\n\n\n<p>No, il titolo del blog non \u00e8 una citazione da Pimo Levi. <br>O meglio, certo che \u00e8 una citazione, ma nel modo in cui la letteratura ti entra sotto pelle e poi riemerge quando meno te lo aspetti.<\/p>\n\n\n\n<p>Non esiste salvezza che non sia collettiva, non esistono risposte che siano individuali.<\/p>\n\n\n\n<p>Questo me lo dice sempre mio padre e, purtroppo, penso abbia ragione.<\/p>\n\n\n\n<p>Questo blog nasce perch\u00e9 io, oggi, non so pi\u00f9 come si costruiscono risposte collettive, non so pi\u00f9 nemmeno se ci siano delle domande collettive. Scrivere la mia esperienza qui, \u00e8 la cosa migliore che mi sia venuta in mente.<br>Non ho la speranza che serva qualcosa.<\/p>\n\n\n\n<p>E quindi ecco qui le cronache di una persona innamorata dell\u2019insegnamento, che si rifiuta di entrare nella logica dei sommersi e salvati, del rubarsi le cattedre comprando abilitazioni e punteggi, della sensazione di vergogna e sollievo quando entri in una classe seconda e ti chiedi dove sia finito il collega che avevano in prima. Chiss\u00e0 se \u00e8 andato via perch\u00e9 voleva, o perch\u00e9 l\u2019algoritmo ha deciso cos\u00ec, fregandosene della relazione educativa, fregandosene di questi ragazzi che ho di fronte e fregandosene del mio collega e del suo lavoro.<\/p>\n\n\n\n<p>Questo blog parla dei miei tentativi storti di restare in questo mondo e non piegarmi, di continuare a insegnare non a scapito di qualcun altro, ma insieme ad altri. Non in competizione, ma in collaborazione.<\/p>\n\n\n\n<p>Insomma, \u00e8 un blog di sogni e castelli in aria.<\/p>\n","protected":false},"excerpt":{"rendered":"<p>No, il titolo del blog non \u00e8 una citazione da Pimo Levi. O meglio, certo che \u00e8 una citazione, ma nel modo in cui la letteratura ti entra sotto pelle e poi riemerge quando meno te lo aspetti. Non esiste salvezza che non sia collettiva, non esistono risposte che siano individuali. Questo me lo dice [&hellip;]<\/p>\n","protected":false},"author":1,"featured_media":0,"parent":0,"menu_order":0,"comment_status":"closed","ping_status":"open","template":"","meta":{"footnotes":""},"class_list":["post-2","page","type-page","status-publish","hentry"],"_links":{"self":[{"href":"https:\/\/sommersi-e-salvati.org\/index.php?rest_route=\/wp\/v2\/pages\/2","targetHints":{"allow":["GET"]}}],"collection":[{"href":"https:\/\/sommersi-e-salvati.org\/index.php?rest_route=\/wp\/v2\/pages"}],"about":[{"href":"https:\/\/sommersi-e-salvati.org\/index.php?rest_route=\/wp\/v2\/types\/page"}],"author":[{"embeddable":true,"href":"https:\/\/sommersi-e-salvati.org\/index.php?rest_route=\/wp\/v2\/users\/1"}],"replies":[{"embeddable":true,"href":"https:\/\/sommersi-e-salvati.org\/index.php?rest_route=%2Fwp%2Fv2%2Fcomments&post=2"}],"version-history":[{"count":2,"href":"https:\/\/sommersi-e-salvati.org\/index.php?rest_route=\/wp\/v2\/pages\/2\/revisions"}],"predecessor-version":[{"id":25,"href":"https:\/\/sommersi-e-salvati.org\/index.php?rest_route=\/wp\/v2\/pages\/2\/revisions\/25"}],"wp:attachment":[{"href":"https:\/\/sommersi-e-salvati.org\/index.php?rest_route=%2Fwp%2Fv2%2Fmedia&parent=2"}],"curies":[{"name":"wp","href":"https:\/\/api.w.org\/{rel}","templated":true}]}}